{"id":7502,"date":"2024-05-06T21:18:05","date_gmt":"2024-05-06T19:18:05","guid":{"rendered":"https:\/\/www.tolerantnaskola.sk\/stranky-jsou-ve-vystavbe\/"},"modified":"2024-10-14T13:02:27","modified_gmt":"2024-10-14T11:02:27","slug":"stranky-jsou-ve-vystavbe","status":"publish","type":"page","link":"https:\/\/www.tolerantnaskola.sk\/cs\/stranky-jsou-ve-vystavbe\/","title":{"rendered":"Str\u00e1nky jsou ve v\u00fdstavb\u011b."},"content":{"rendered":"\t\t<div data-elementor-type=\"wp-page\" data-elementor-id=\"7502\" class=\"elementor elementor-7502 elementor-5606\" data-elementor-post-type=\"page\">\n\t\t\t\t<div class=\"elementor-element elementor-element-46de44d e-con-full e-flex wpr-particle-no wpr-jarallax-no wpr-parallax-no wpr-sticky-section-no e-con e-parent\" data-id=\"46de44d\" data-element_type=\"container\" data-settings=\"{&quot;background_background&quot;:&quot;classic&quot;}\">\n\t\t\t\t<div class=\"elementor-element elementor-element-f374411 elementor-widget elementor-widget-heading\" data-id=\"f374411\" data-element_type=\"widget\" data-widget_type=\"heading.default\">\n\t\t\t\t<div class=\"elementor-widget-container\">\n\t\t\t\t\t<h2 class=\"elementor-heading-title elementor-size-default\">Str\u00e1nka se p\u0159ipravuje<\/h2>\t\t\t\t<\/div>\n\t\t\t\t<\/div>\n\t\t\t\t<div class=\"elementor-element elementor-element-09424bd elementor-widget elementor-widget-heading\" data-id=\"09424bd\" data-element_type=\"widget\" data-widget_type=\"heading.default\">\n\t\t\t\t<div class=\"elementor-widget-container\">\n\t\t\t\t\t<h2 class=\"elementor-heading-title elementor-size-default\">je na cest\u011b, vydr\u017ete...<\/h2>\t\t\t\t<\/div>\n\t\t\t\t<\/div>\n\t\t\t\t<\/div>\n\t\t<div class=\"elementor-element elementor-element-0e39eb7 e-flex e-con-boxed wpr-particle-no wpr-jarallax-no wpr-parallax-no wpr-sticky-section-no e-con e-parent\" data-id=\"0e39eb7\" data-element_type=\"container\">\n\t\t\t\t\t<div class=\"e-con-inner\">\n\t\t<div class=\"elementor-element elementor-element-24a82e1 e-con-full e-flex wpr-particle-no wpr-jarallax-no wpr-parallax-no wpr-sticky-section-no e-con e-child\" data-id=\"24a82e1\" data-element_type=\"container\">\n\t\t\t\t<\/div>\n\t\t\t\t\t<\/div>\n\t\t\t\t<\/div>\n\t\t\t\t<\/div>\n\t\t","protected":false},"excerpt":{"rendered":"<p>Str\u00e1nka se p\u0159ipravuje je na cest\u011b, vydr\u017ete&#8230;<\/p>\n","protected":false},"author":1,"featured_media":0,"parent":0,"menu_order":0,"comment_status":"closed","ping_status":"closed","template":"elementor_header_footer","meta":{"footnotes":""},"class_list":["post-7502","page","type-page","status-publish","hentry"],"_links":{"self":[{"href":"https:\/\/www.tolerantnaskola.sk\/cs\/wp-json\/wp\/v2\/pages\/7502","targetHints":{"allow":["GET"]}}],"collection":[{"href":"https:\/\/www.tolerantnaskola.sk\/cs\/wp-json\/wp\/v2\/pages"}],"about":[{"href":"https:\/\/www.tolerantnaskola.sk\/cs\/wp-json\/wp\/v2\/types\/page"}],"author":[{"embeddable":true,"href":"https:\/\/www.tolerantnaskola.sk\/cs\/wp-json\/wp\/v2\/users\/1"}],"replies":[{"embeddable":true,"href":"https:\/\/www.tolerantnaskola.sk\/cs\/wp-json\/wp\/v2\/comments?post=7502"}],"version-history":[{"count":1,"href":"https:\/\/www.tolerantnaskola.sk\/cs\/wp-json\/wp\/v2\/pages\/7502\/revisions"}],"predecessor-version":[{"id":7503,"href":"https:\/\/www.tolerantnaskola.sk\/cs\/wp-json\/wp\/v2\/pages\/7502\/revisions\/7503"}],"wp:attachment":[{"href":"https:\/\/www.tolerantnaskola.sk\/cs\/wp-json\/wp\/v2\/media?parent=7502"}],"curies":[{"name":"wp","href":"https:\/\/api.w.org\/{rel}","templated":true}]}}